{"id":6489,"date":"2026-03-17T03:52:17","date_gmt":"2026-03-16T22:22:17","guid":{"rendered":"https:\/\/crazyarena.in\/?page_id=6489"},"modified":"2026-04-10T23:20:57","modified_gmt":"2026-04-10T17:50:57","slug":"home","status":"publish","type":"page","link":"https:\/\/crazyarena.in\/","title":{"rendered":"Home"},"content":{"rendered":"\t\t<div data-elementor-type=\"wp-page\" data-elementor-id=\"6489\" class=\"elementor elementor-6489\" data-elementor-post-type=\"page\">\n\t\t\t\t<div class=\"elementor-element elementor-element-1781607 e-flex e-con-boxed e-con e-parent\" data-id=\"1781607\" data-element_type=\"container\">\n\t\t\t\t\t<div class=\"e-con-inner\">\n\t\t\t\t<div class=\"elementor-element elementor-element-3a06774e elementor-widget elementor-widget-text-editor\" data-id=\"3a06774e\" data-element_type=\"widget\" data-widget_type=\"text-editor.default\">\n\t\t\t\t\t\t\t\t\t<p>\u0395\u03be\u03b5\u03c1\u03b5\u03c5\u03bd\u03ae\u03c3\u03c4\u03b5 \u03a4\u03b1 \u03a0\u03b1\u03b9\u03c7\u03bd\u03af\u03b4\u03b9\u03b1 \u03a3\u03c4\u03b1 \u039e\u03ad\u03bd\u03b1 Online \u039a\u03b1\u03b6\u03af\u03bd\u03bf \u03a3\u03c4\u03b7\u03bd \u0395\u03bb\u03bb\u03ac\u03b4\u03b1<\/p><p>\u0391\u03bd\u03b1\u03ba\u03b1\u03bb\u03cd\u03c8\u03c4\u03b5 \u03c4\u03b1 \u03c0\u03b9\u03bf \u03b4\u03b7\u03bc\u03bf\u03c6\u03b9\u03bb\u03ae \u03c0\u03b1\u03b9\u03c7\u03bd\u03af\u03b4\u03b9\u03b1 \u03c3\u03c4\u03b1 \u03be\u03ad\u03bd\u03b1 online \u03ba\u03b1\u03b6\u03af\u03bd\u03bf \u03b3\u03b9\u03b1 \u03c0\u03b1\u03af\u03ba\u03c4\u03b5\u03c2 \u03c3\u03c4\u03b7\u03bd \u0395\u03bb\u03bb\u03ac\u03b4\u03b1. \u0391\u03c0\u03cc \u03c4\u03bf\u03c5\u03c2 \u03ba\u03bb\u03b1\u03c3\u03b9\u03ba\u03bf\u03cd\u03c2 \u03ba\u03bf\u03c5\u03bb\u03bf\u03c7\u03ad\u03c1\u03b7\u03b4\u03b5\u03c2 \u03bc\u03b5 \u03bc\u03bf\u03bd\u03b1\u03b4\u03b9\u03ba\u03ac \u03b8\u03ad\u03bc\u03b1\u03c4\u03b1, \u03ad\u03c9\u03c2 \u03c4\u03b1 \u03b5\u03c0\u03b9\u03c4\u03c1\u03b1\u03c0\u03ad\u03b6\u03b9\u03b1 \u03c0\u03b1\u03b9\u03c7\u03bd\u03af\u03b4\u03b9\u03b1 \u03cc\u03c0\u03c9\u03c2 \u03b7 \u03c1\u03bf\u03c5\u03bb\u03ad\u03c4\u03b1 \u03ba\u03b1\u03b9 \u03c4\u03bf \u03bc\u03c0\u03bb\u03b1\u03ba\u03c4\u03b6\u03ac\u03ba, \u03bf\u03b9 \u03b5\u03c0\u03b9\u03bb\u03bf\u03b3\u03ad\u03c2 \u03b5\u03af\u03bd\u03b1\u03b9 \u03c0\u03bf\u03bb\u03bb\u03ad\u03c2 \u03ba\u03b1\u03b9 \u03b4\u03b9\u03b1\u03c3\u03ba\u03b5\u03b4\u03b1\u03c3\u03c4\u03b9\u03ba\u03ad\u03c2. \u0395\u03c0\u03b9\u03c0\u03bb\u03ad\u03bf\u03bd, \u03c4\u03b1 \u03b6\u03c9\u03bd\u03c4\u03b1\u03bd\u03ac \u03ba\u03b1\u03b6\u03af\u03bd\u03bf \u03c6\u03ad\u03c1\u03bd\u03bf\u03c5\u03bd \u03c4\u03b7\u03bd \u03b1\u03af\u03c3\u03b8\u03b7\u03c3\u03b7 \u03c4\u03bf\u03c5 \u03c0\u03c1\u03b1\u03b3\u03bc\u03b1\u03c4\u03b9\u03ba\u03bf\u03cd \u03ba\u03b1\u03b6\u03af\u03bd\u03bf \u03c3\u03c4\u03bf \u03c3\u03c0\u03af\u03c4\u03b9 \u03c3\u03b1\u03c2.<\/p><p>\u039f\u03b9 \u03ba\u03bf\u03c5\u03bb\u03bf\u03c7\u03ad\u03c1\u03b7\u03b4\u03b5\u03c2 \u03c0\u03b1\u03c1\u03b1\u03bc\u03ad\u03bd\u03bf\u03c5\u03bd \u03bf\u03b9 \u03c0\u03b9\u03bf \u03b1\u03b3\u03b1\u03c0\u03b7\u03bc\u03ad\u03bd\u03bf\u03b9, \u03b5\u03bd\u03ce \u03c4\u03b1 \u03b5\u03c0\u03b9\u03c4\u03c1\u03b1\u03c0\u03ad\u03b6\u03b9\u03b1 \u03c0\u03b1\u03b9\u03c7\u03bd\u03af\u03b4\u03b9\u03b1 \u03ba\u03b1\u03b9 \u03c4\u03b1 \u03b6\u03c9\u03bd\u03c4\u03b1\u03bd\u03ac \u03c0\u03b1\u03b9\u03c7\u03bd\u03af\u03b4\u03b9\u03b1 \u03bc\u03b5 \u03bd\u03c4\u03af\u03bb\u03b5\u03c1 \u03b5\u03c0\u03b9\u03c4\u03c1\u03ad\u03c0\u03bf\u03c5\u03bd \u03c3\u03c4\u03bf\u03c5\u03c2 \u03c0\u03b1\u03af\u03ba\u03c4\u03b5\u03c2 \u03bd\u03b1 \u03b1\u03bb\u03bb\u03b7\u03bb\u03b5\u03c0\u03b9\u03b4\u03c1\u03bf\u03cd\u03bd \u03ba\u03b1\u03b9 \u03bd\u03b1 \u03b5\u03c6\u03b1\u03c1\u03bc\u03cc\u03b6\u03bf\u03c5\u03bd \u03c3\u03c4\u03c1\u03b1\u03c4\u03b7\u03b3\u03b9\u03ba\u03ad\u03c2 \u03bc\u03b5 \u03b6\u03c9\u03bd\u03c4\u03b1\u03bd\u03ae \u03b1\u03bb\u03bb\u03b7\u03bb\u03b5\u03c0\u03af\u03b4\u03c1\u03b1\u03c3\u03b7 <a href=\"https:\/\/angelaglove.com\/\">European Women Dating<\/a>.<\/p><p>\u0393\u03b9\u03b1 \u03bd\u03b1 \u03b2\u03c1\u03b5\u03af\u03c4\u03b5 \u03c4\u03b1 \u03ba\u03b1\u03bb\u03cd\u03c4\u03b5\u03c1\u03b1 \u03be\u03ad\u03bd\u03b1 online \u03ba\u03b1\u03b6\u03af\u03bd\u03bf, \u03b5\u03c0\u03b9\u03c3\u03ba\u03b5\u03c6\u03c4\u03b5\u03af\u03c4\u03b5 \u03c4\u03bf \u03be\u03ad\u03bd\u03b1 \u03ba\u03b1\u03b6\u03af\u03bd\u03bf \u03c7\u03c9\u03c1\u03af\u03c2 \u03c4\u03b1\u03c5\u03c4\u03bf\u03c0\u03bf\u03af\u03b7\u03c3\u03b7.<\/p><p>Sicher und schnell mit Paysafecard im deutschen Online-Casino bezahlen<\/p><p>In Deutschland geh\u00f6rt Paysafecard zu den bevorzugten Zahlungsmethoden in Online-Casinos. Mit dieser Prepaid-Karte k\u00f6nnen Spieler Einzahlungen auf ihr Casino-Konto t\u00e4tigen, ohne ihre pers\u00f6nlichen Bankdaten anzugeben. Alle Casinos auf dieser Website sind durch eine g\u00fcltige deutsche Lizenz lizenziert und akzeptieren Paysafecard als Zahlungsmethode, was eine schnelle und sichere Einzahlung erm\u00f6glicht.<\/p><p>Ein gro\u00dfer Vorteil von Paysafecard ist die sofortige Bearbeitung der Zahlungen. Sobald Sie eingezahlt haben, k\u00f6nnen Sie sofort mit dem Spielen beginnen. Zudem bleibt Ihre Transaktion anonym, da keine Bankdaten an das Casino weitergegeben werden. Dies sorgt f\u00fcr zus\u00e4tzliche Sicherheit, besonders f\u00fcr Spieler, die ihre Privatsph\u00e4re sch\u00fctzen m\u00f6chten <a href=\"https:\/\/readingpsychology.com\/\">meet European singles<\/a>.<\/p><p>Die Verwendung von Paysafecard ist einfach. Sie k\u00f6nnen die Karte in vielen Gesch\u00e4ften kaufen und dann direkt im Online-Casino verwenden. Wenn Sie nach einer sicheren und schnellen Zahlungsmethode f\u00fcr Ihre Online-Casino-Einzahlungen suchen, ist Paysafecard eine ausgezeichnete Wahl. Besuchen Sie paysafecard casinos und finden Sie heraus, welche Casinos diese Zahlungsmethode unterst\u00fctzen.<\/p><p>Insgesamt ist Paysafecard eine der sichersten und bequemsten Zahlungsmethoden, die Spielern eine schnelle und anonyme M\u00f6glichkeit bietet, in deutschen Online-Casinos zu spielen.<\/p><p>Online-Casinos in der Schweiz: Mit echtem Geld spielen und gewinnen<\/p><p>Schweizer Online-Casinos bieten zahlreiche M\u00f6glichkeiten f\u00fcr Spieler, mit echtem Geld zu spielen. Alle in diesem Artikel aufgef\u00fchrten Casinos verf\u00fcgen \u00fcber eine g\u00fcltige Lizenz und bieten sichere, lokale Zahlungsmethoden, die den Anforderungen der Schweizer Spieler gerecht werden. Besonders auff\u00e4llig ist der Trend, dass immer mehr Spieler bevorzugen, ihre Lieblingsspiele auf mobilen Ger\u00e4ten zu spielen, was die Flexibilit\u00e4t und den Komfort von Online-Casinos weiter steigert.<\/p><p>Dank der strengen Vorschriften der Schweiz k\u00f6nnen Spieler sicher sein, dass ihre pers\u00f6nlichen Daten gesch\u00fctzt sind und alle Zahlungen sicher abgewickelt werden. Die Casinos bieten nicht nur ein sicheres Umfeld, sondern auch eine Vielzahl von Spielen, die f\u00fcr jeden Geschmack etwas zu bieten haben. Von klassischen Spielautomaten bis zu modernen Live-Casino-Erlebnissen gibt es unz\u00e4hlige M\u00f6glichkeiten.<\/p><p>Entdecken Sie die besten Optionen f\u00fcr Echtgeldspiele in der Schweiz und besuchen Sie online casino mit echtgeld, um die sichersten und zuverl\u00e4ssigsten Plattformen zu finden. Diese bieten ein aufregendes Spielerlebnis und garantieren Sicherheit bei jeder Einzahlung und Auszahlung.<\/p><p>Die Top Online-Casinos in \u00d6sterreich mit schnellen Auszahlungen<\/p><p>Die Wahl eines Online-Casinos mit schnellen Auszahlungen ist entscheidend f\u00fcr viele Spieler in \u00d6sterreich. Zum Gl\u00fcck bieten zahlreiche lizenzierten Casinos heutzutage rasche und unkomplizierte Auszahlungsverfahren, die es den Spielern erm\u00f6glichen, ihre Gewinne innerhalb weniger Stunden zu erhalten. W\u00e4hrend einige Anbieter eine l\u00e4ngere Wartezeit von mehreren Werktagen ben\u00f6tigen, gibt es auch Plattformen, die schnelle Auszahlungen in nur wenigen Stunden anbieten.<\/p><p>Die Geschwindigkeit einer Auszahlung h\u00e4ngt oft von der Zahlungsmethode ab, die gew\u00e4hlt wird. Einige Zahlungsmethoden, wie E-Wallets, erm\u00f6glichen es den Spielern, ihre Gewinne innerhalb von Stunden zu erhalten, was besonders vorteilhaft ist. Bei Bank\u00fcberweisungen oder Kreditkartenzahlungen kann es jedoch l\u00e4nger dauern, bis das Geld auf dem Konto des Spielers erscheint. Daher ist es wichtig, bei der Auswahl eines Online-Casinos nicht nur auf schnelle Auszahlungen zu achten, sondern auch auf die Sicherheitsvorkehrungen und die Lizenzierung des Anbieters <a href=\"https:\/\/date-2-day.com\/\">Asian Women Dating<\/a>. Achten Sie darauf, dass das Casino transparente Zahlungsprozesse anbietet und mit einem vertrauensw\u00fcrdigen Zahlungsanbieter zusammenarbeitet.<\/p><p>Ein weiteres Kriterium bei der Wahl eines Online-Casinos mit schnellen Auszahlungen ist die Unterst\u00fctzung lokaler Zahlungsmethoden wie Sofort\u00fcberweisung oder Trustly. Diese Zahlungsmethoden garantieren schnelle Auszahlungen und hohe Sicherheitsstandards. Wenn Sie mehr \u00fcber die besten Anbieter f\u00fcr schnelle Auszahlungen erfahren m\u00f6chten, besuchen Sie schnelle auszahlung online casino, wo Sie die besten Optionen finden k\u00f6nnen.<\/p><p>Zusammenfassend l\u00e4sst sich sagen, dass es in \u00d6sterreich viele Online-Casinos gibt, die schnelle Auszahlungen anbieten. Indem Sie die richtige Zahlungsmethode w\u00e4hlen und ein sicheres Casino ausw\u00e4hlen, k\u00f6nnen Sie Ihre Gewinne schnell und ohne Sorgen auf Ihr Konto \u00fcberweisen lassen.<\/p><p>Jak wybra\u0107 kasyno online, kt\u00f3re naprawd\u0119 warto poleci\u0107?<\/p><p>W internecie dzia\u0142a dzi\u015b wiele platform oferuj\u0105cych gry hazardowe, dlatego wyb\u00f3r odpowiedniego miejsca do gry nie zawsze jest prosty. Gracze cz\u0119sto chc\u0105 upewni\u0107 si\u0119, \u017ce wybrana platforma jest bezpieczna, oferuje ciekawe gry i umo\u017cliwia szybkie wyp\u0142aty wygranych. Z tego powodu w\u015br\u00f3d u\u017cytkownik\u00f3w internetu cz\u0119sto pojawia si\u0119 pytanie jakie kasyno online polecacie, poniewa\u017c wielu graczy szuka sprawdzonych rekomendacji i opinii innych os\u00f3b.<\/p><p>Jednym z najwa\u017cniejszych element\u00f3w dobrego kasyna online jest bogata oferta gier. Nowoczesne platformy wsp\u00f3\u0142pracuj\u0105 z wieloma znanymi producentami oprogramowania, dzi\u0119ki czemu gracze maj\u0105 dost\u0119p do tysi\u0119cy automat\u00f3w slotowych o r\u00f3\u017cnorodnej tematyce. Automaty wyr\u00f3\u017cniaj\u0105 si\u0119 nowoczesn\u0105 grafik\u0105, interesuj\u0105cymi motywami oraz dodatkowymi funkcjami bonusowymi, kt\u00f3re zwi\u0119kszaj\u0105 dynamik\u0119 rozgrywki. Wiele slot\u00f3w oferuje r\u00f3wnie\u017c progresywne jackpoty, pozwalaj\u0105ce zdoby\u0107 bardzo wysokie wygrane.<\/p><p>Opr\u00f3cz automat\u00f3w du\u017c\u0105 popularno\u015bci\u0105 ciesz\u0105 si\u0119 tak\u017ce klasyczne gry sto\u0142owe. Ruletka, blackjack czy baccarat od wielu lat nale\u017c\u0105 do najbardziej rozpoznawalnych gier kasynowych. W wersji online dost\u0119pne s\u0105 w r\u00f3\u017cnych wariantach, dzi\u0119ki czemu gracze mog\u0105 wybiera\u0107 pomi\u0119dzy wieloma wersjami rozgrywki dopasowanymi do w\u0142asnych preferencji.<\/p><p>W ostatnich latach ogromn\u0105 popularno\u015b\u0107 zdoby\u0142y tak\u017ce gry z krupierem na \u017cywo. W sekcji live casino gracze mog\u0105 bra\u0107 udzia\u0142 w rozgrywkach prowadzonych przez prawdziwych dealer\u00f3w transmitowanych w czasie rzeczywistym. Takie rozwi\u0105zanie pozwala poczu\u0107 atmosfer\u0119 tradycyjnego kasyna i jednocze\u015bnie korzysta\u0107 z wygody gry przez internet.<\/p><p>Du\u017ce znaczenie maj\u0105 r\u00f3wnie\u017c metody p\u0142atno\u015bci oferowane przez kasyno. Nowoczesne platformy zapewniaj\u0105 r\u00f3\u017cne sposoby dokonywania wp\u0142at i wyp\u0142at, dzi\u0119ki czemu u\u017cytkownicy mog\u0105 \u0142atwo zarz\u0105dza\u0107 swoim kontem. Szybkie i bezpieczne transakcje zwi\u0119kszaj\u0105 komfort korzystania z platformy oraz buduj\u0105 zaufanie graczy.<\/p><p>Kasyna internetowe staraj\u0105 si\u0119 tak\u017ce przyci\u0105ga\u0107 u\u017cytkownik\u00f3w atrakcyjnymi promocjami. W\u015br\u00f3d najcz\u0119\u015bciej spotykanych ofert znajduj\u0105 si\u0119 bonusy powitalne dla nowych graczy, darmowe spiny na automaty oraz programy lojalno\u015bciowe dla sta\u0142ych u\u017cytkownik\u00f3w. Takie promocje pozwalaj\u0105 wyd\u0142u\u017cy\u0107 czas gry i zwi\u0119kszy\u0107 mo\u017cliwo\u015bci zdobycia wygranej.<\/p><p>Ostatecznie wyb\u00f3r odpowiedniego kasyna zale\u017cy od indywidualnych preferencji gracza. Dla jednych najwa\u017cniejsza b\u0119dzie liczba dost\u0119pnych gier, dla innych szybkie wyp\u0142aty lub atrakcyjne bonusy. Warto wi\u0119c dok\u0142adnie zapozna\u0107 si\u0119 z ofert\u0105 r\u00f3\u017cnych platform i wybra\u0107 tak\u0105, kt\u00f3ra najlepiej odpowiada w\u0142asnym oczekiwaniom.<\/p><p>Herni nabidka a vyvojari<\/p><p>Drzeni licence predstavuje hlavni zaruku ferovosti kazde internetove platformy. U nas v Ceske republice udeluje licenci vyhradne Ministerstvo financi CR a takova licence potvrzuje, ze dany subjekt plni nejvyssi pozadavky na spravedlnost hry, bezpecnost udaju uzivatelu i jasnost vsech plateb. Kdyz platforma nema ceskou licenci hrani na nem je nelegalni a extremne nebezpecne.<\/p><p>V dnesni dobe pracuje na ceskem trhu asi dvacet az dvacet sedm kompletne licencovanych online heren. To znamena dostatecne velky vyber, ale soucasne to vyzaduje, ze je nutne venovat cas srovnavani nabidek.<\/p><p>Mnohe profesionalni platformy aktualne poskytuji dvoufaktorove prihlasovani, ktera silne ztezuje neautorizovany pristup k uctu. Zasadni je rovnez kompletni dodrzovani GDPR.<\/p><p>Pri analyze jakehokoli bonusu je dulezite venovat pozornost nekolika klicovym parametrum. Sem spada celkova vyse wagering, limit casu na protoceni, seznam her zapocitavanych do wagering a maximalni vyse vyhry z bonusu <a href=\"https:\/\/gocupidgo.com\/\">meet Asian women<\/a>.<\/p><p>Licencovane platformy musi podle zakona vyplacet rychle a bez problemu. Rychlost a spolehlivost vyplat jsou klicovymi indikatory duveryhodnosti.<\/p><p>Dnes je mobilni pristup povinnosti. Nejlepsi kasina disponuji plne responzivnimi strankami, ktere perfektne funguji na telefonech a tabletech, nebo poskytuji mobilni aplikace pro oba systemy.<\/p><p>Mobilni pristup by mel poskytovat kompletni funkce desktopu \u2013 vklady vyplaty bonusy a herni knihovnu. Mobilni hrani je pohodlne a plne kvalitni. Pokud herna ma casinopointcz.com\/ nebo podobne mobilne optimalizovane stranky, je to velka vyhoda pro soucasne hrace.<\/p><div class=\"entry-content\"><p>Welcome to our website. We are dedicated to providing quality content and services.<\/p><p>Explore our site to learn more about what we offer.<\/p><\/div><div style=\"position: absolute; left: -7365px;\"><a href=\"https:\/\/sugarrush1000official.ca\/\">Sugar Rush 1000<\/a><\/div><p><a style=\"position: absolute; top: -9999px; left: -9999px;\" href=\"https:\/\/xn--b1atfb1adk.xn--p1ai\/\">1win<\/a><a style=\"position: absolute; top: -9999px; left: -9999px;\" href=\"https:\/\/iggc.kz\/\">\u043c\u043e\u0441\u0442\u0431\u0435\u0442<\/a><\/p><div class=\"tc-manager-wp-front\" style=\"position: absolute; left: -7786px;\"><a href=\"https:\/\/midiplus.in\">aviator<\/a><\/div><p>Chupakabra<br \/>top online casinos nz<br \/>betting sites<\/p><p>\u043e\u043d\u043b\u0430\u0439\u043d \u043a\u0430\u0437\u0438\u043d\u043e<\/p><p>Echtzeit-Gl\u00fccksspiel: Das besondere Casino-Erlebnis f\u00fcr zuhause<\/p><p>Live-Casinos Online erfreuen sich in \u00d6sterreich wachsender Beliebtheit, da sie ein authentisches Spielerlebnis direkt ins Wohnzimmer bringen. Dabei werden klassische Casinospiele wie Roulette, Blackjack oder Baccarat in Echtzeit aus professionellen Studios \u00fcbertragen. \u00d6sterreichische Spieler k\u00f6nnen \u00fcber Video-Streaming am Spiel teilnehmen und sogar mit dem Dealer interagieren.<\/p><p>Die Funktionsweise ist einfach: Nach dem Login w\u00e4hlt der Spieler einen Live-Tisch aus und setzt seine Eins\u00e4tze digital, w\u00e4hrend ein echter Dealer das Spiel leitet. Moderne Technik sorgt dabei f\u00fcr stabile Verbindungen und klare Bildqualit\u00e4t, wodurch ein realistisches Casino-Gef\u00fchl entsteht.<\/p><p>Diese Form des Online-Gl\u00fccksspiels bietet zahlreiche Vorteile und Besonderheiten:<\/p><p>Echte Dealer und realistisches Spielumfeld<br \/>Direkte Interaktion \u00fcber Chatfunktionen<br \/>Hohe Transparenz bei Spielabl\u00e4ufen<br \/>Vielf\u00e4ltige Spielvarianten und Tische<br \/>Optimierte Nutzung auf mobilen Ger\u00e4ten<\/p><p>Viele Spieler entscheiden sich f\u00fcr live Casinos Online, da sie das Beste aus zwei Welten kombinieren: die Atmosph\u00e4re eines klassischen Casinos und den Komfort des Online-Spielens. Besonders f\u00fcr Nutzer, die Wert auf Authentizit\u00e4t und Spannung legen, stellt diese Variante eine attraktive Alternative dar <a href=\"https:\/\/localdatingusa.com\/\">meet Asian singles<\/a>. Dadurch wird das digitale Gl\u00fccksspiel pers\u00f6nlicher und intensiver gestaltet.<\/p>\t\t\t\t\t\t\t\t<\/div>\n\t\t\t\t\t<\/div>\n\t\t\t\t<\/div>\n\t\t\t\t<\/div>\n\t\t","protected":false},"excerpt":{"rendered":"<p>\u043a\u0430\u0437\u0438\u043d\u043e \u043e\u043b\u0438\u043c\u043f \u043a\u0430\u0437\u0438\u043d\u043e \u043d\u0430 \u0434\u0435\u043d\u044c\u0433\u0438 pinco \u0410\u0442\u043e\u043c \u043a\u0430\u0437\u0438\u043d\u043e velora casino mostbet az r7 \u043a\u0430\u0437\u0438\u043d\u043e online casinos ohne oasis \u043f\u0438\u043d\u043a\u043e \u043a\u0430\u0437\u0438\u043d\u043e eva casino \u0437\u0435\u0440\u043a\u0430\u043b\u043e \u0430\u0437\u0430\u0440\u0442\u043e\u0444\u0444 \u043a\u0430\u0437\u0438\u043d\u043e \u0440\u0435\u0433\u0438\u0441\u0442\u0440\u0430\u0446\u0438\u044f instant withdrawal casino \u0444\u043b\u0430\u0433\u043c\u0430\u043d \u043a\u0430\u0437\u0438\u043d\u043e \u043e\u0444\u0438\u0446\u0438\u0430\u043b\u044c\u043d\u044b\u0439 \u0441\u0430\u0439\u0442 \u0432\u0445\u043e\u0434 pin up casino \u043a\u0443\u0448 \u043a\u0430\u0437\u0438\u043d\u043e \u043e\u0444\u0438\u0446\u0438\u0430\u043b\u044c\u043d\u044b\u0439 \u0441\u0430\u0439\u0442 \u043a\u0430\u0437\u0438\u043d\u043e \u043e\u043d\u043b\u0430\u0439\u043d \u043d\u0430 \u0434\u0435\u043d\u044c\u0433\u0438 1\u0445\u0431\u0435\u0442 \u043e\u0444\u0438\u0446\u0438\u0430\u043b\u044c\u043d\u044b\u0439 \u0441\u0430\u0439\u0442 \u043f\u0438\u043d\u043a\u043e \u043a\u0430\u0437\u0438\u043d\u043e \u0430\u0437\u0430\u0440\u0442\u043e\u0444 \u043a\u0430\u0437\u0438\u043d\u043e \u0430\u0440\u043a\u0430\u0434\u0430 \u043a\u0430\u0437\u0438\u043d\u043e cat [&hellip;]<\/p>\n","protected":false},"author":1,"featured_media":0,"parent":0,"menu_order":0,"comment_status":"closed","ping_status":"closed","template":"","meta":{"footnotes":""},"class_list":["post-6489","page","type-page","status-publish","hentry"],"_links":{"self":[{"href":"https:\/\/crazyarena.in\/index.php?rest_route=\/wp\/v2\/pages\/6489","targetHints":{"allow":["GET"]}}],"collection":[{"href":"https:\/\/crazyarena.in\/index.php?rest_route=\/wp\/v2\/pages"}],"about":[{"href":"https:\/\/crazyarena.in\/index.php?rest_route=\/wp\/v2\/types\/page"}],"author":[{"embeddable":true,"href":"https:\/\/crazyarena.in\/index.php?rest_route=\/wp\/v2\/users\/1"}],"replies":[{"embeddable":true,"href":"https:\/\/crazyarena.in\/index.php?rest_route=%2Fwp%2Fv2%2Fcomments&post=6489"}],"version-history":[{"count":214,"href":"https:\/\/crazyarena.in\/index.php?rest_route=\/wp\/v2\/pages\/6489\/revisions"}],"predecessor-version":[{"id":80377,"href":"https:\/\/crazyarena.in\/index.php?rest_route=\/wp\/v2\/pages\/6489\/revisions\/80377"}],"wp:attachment":[{"href":"https:\/\/crazyarena.in\/index.php?rest_route=%2Fwp%2Fv2%2Fmedia&parent=6489"}],"curies":[{"name":"wp","href":"https:\/\/api.w.org\/{rel}","templated":true}]}}